{"id":1006,"date":"2025-10-11T22:06:05","date_gmt":"2025-10-12T01:06:05","guid":{"rendered":"https:\/\/mk5.digital\/luzesperanca\/?page_id=1006"},"modified":"2025-10-11T23:50:06","modified_gmt":"2025-10-12T02:50:06","slug":"luiz-sergio","status":"publish","type":"page","link":"https:\/\/mk5.digital\/luzesperanca\/luiz-sergio\/","title":{"rendered":"Luiz S\u00e9rgio"},"content":{"rendered":"\t\t<div data-elementor-type=\"wp-page\" data-elementor-id=\"1006\" class=\"elementor elementor-1006\" data-elementor-post-type=\"page\">\n\t\t\t\t<div class=\"elementor-element elementor-element-cc43307 e-flex e-con-boxed e-con e-parent\" data-id=\"cc43307\" data-element_type=\"container\" data-settings=\"{&quot;background_background&quot;:&quot;classic&quot;}\">\n\t\t\t\t\t<div class=\"e-con-inner\">\n\t\t\t\t<div class=\"elementor-element elementor-element-e0c4990 elementor-widget elementor-widget-heading\" data-id=\"e0c4990\" data-element_type=\"widget\" data-widget_type=\"heading.default\">\n\t\t\t\t<div class=\"elementor-widget-container\">\n\t\t\t\t\t<h2 class=\"elementor-heading-title elementor-size-default\">Mocidade Espirita Luiz S\u00e9rgio\n<\/h2>\t\t\t\t<\/div>\n\t\t\t\t<\/div>\n\t\t\t\t\t<\/div>\n\t\t\t\t<\/div>\n\t\t<div class=\"elementor-element elementor-element-dd6bb72 e-flex e-con-boxed e-con e-parent\" data-id=\"dd6bb72\" data-element_type=\"container\">\n\t\t\t\t\t<div class=\"e-con-inner\">\n\t\t\t\t<div class=\"elementor-element elementor-element-d34378b elementor-widget elementor-widget-text-editor\" data-id=\"d34378b\" data-element_type=\"widget\" data-widget_type=\"text-editor.default\">\n\t\t\t\t<div class=\"elementor-widget-container\">\n\t\t\t\t\t\t\t\t\t<p>A Mocidade \u00e9 o N\u00facleo de Trabalho do Instituto do Jovem que ir\u00e1 atender, acompanhar e direcionar o jovem, a partir de 12 anos, nas atividades da Casa Esp\u00edrita, bem como propiciar trocas de experi\u00eancias e oportunidades de contribui\u00e7\u00f5es dos jovens para a pr\u00f3pria Mocidade e para o Centro Esp\u00edrita que est\u00e3o vinculados. Prop\u00f5e em seu trabalho, cursos, atividades pr\u00e1ticas, oficinas de arte e recrea\u00e7\u00e3o, atividades de reforma \u00edntima e alegria crist\u00e3 que visam enriquecer o patrim\u00f4nio espiritual do jovem e prepar\u00e1-lo para as atividades do Centro Esp\u00edrita, fortalecendo-o na atual encarna\u00e7\u00e3o. Sendo ainda um n\u00facleo onde formar\u00e1 amigos\/companheiros para a sua jornada terrestre.<\/p><p>\u201cA mocidade tem capital import\u00e2ncia, porque \u00e9 a primeira orienta\u00e7\u00e3o para o destino; nela, o esquecimento do passado \u00e9 completo; este n\u00e3o existe mais, e todas as suas pot\u00eancias est\u00e3o voltadas para o futuro. Eis por que os moralistas e os educadores concentraram sua experi\u00eancia e seus esfor\u00e7os nesse pref\u00e1cio da vida humana [\u2026].\u201d (L\u00e9on Denis, O grande enigma, 9. ed., p. 200).<\/p><p>A Mocidade Esp\u00edrita Luiz S\u00e9rgio realiza trabalhos de divulga\u00e7\u00e3o de mensagens, bem como oficinas de m\u00fasica (viol\u00e3o) e Manuten\u00e7\u00e3o de uma Horta, al\u00e9m \u00e9 claro de estudos morais a fim de fortalecer os jovens para encarar as dificuldades da vida moderna.<\/p>\t\t\t\t\t\t\t\t<\/div>\n\t\t\t\t<\/div>\n\t\t\t\t\t<\/div>\n\t\t\t\t<\/div>\n\t\t\t\t<\/div>\n\t\t","protected":false},"excerpt":{"rendered":"<p>Mocidade Espirita Luiz S\u00e9rgio A Mocidade \u00e9 o N\u00facleo de Trabalho do Instituto do Jovem que ir\u00e1 atender, acompanhar e direcionar o jovem, a partir de 12 anos, nas atividades da Casa Esp\u00edrita, bem como propiciar trocas de experi\u00eancias e oportunidades de contribui\u00e7\u00f5es dos jovens para a pr\u00f3pria Mocidade e para o Centro Esp\u00edrita que [&hellip;]<\/p>\n","protected":false},"author":1,"featured_media":0,"parent":0,"menu_order":0,"comment_status":"closed","ping_status":"closed","template":"","meta":{"inline_featured_image":false,"footnotes":""},"class_list":["post-1006","page","type-page","status-publish","hentry"],"_links":{"self":[{"href":"https:\/\/mk5.digital\/luzesperanca\/wp-json\/wp\/v2\/pages\/1006","targetHints":{"allow":["GET"]}}],"collection":[{"href":"https:\/\/mk5.digital\/luzesperanca\/wp-json\/wp\/v2\/pages"}],"about":[{"href":"https:\/\/mk5.digital\/luzesperanca\/wp-json\/wp\/v2\/types\/page"}],"author":[{"embeddable":true,"href":"https:\/\/mk5.digital\/luzesperanca\/wp-json\/wp\/v2\/users\/1"}],"replies":[{"embeddable":true,"href":"https:\/\/mk5.digital\/luzesperanca\/wp-json\/wp\/v2\/comments?post=1006"}],"version-history":[{"count":22,"href":"https:\/\/mk5.digital\/luzesperanca\/wp-json\/wp\/v2\/pages\/1006\/revisions"}],"predecessor-version":[{"id":1204,"href":"https:\/\/mk5.digital\/luzesperanca\/wp-json\/wp\/v2\/pages\/1006\/revisions\/1204"}],"wp:attachment":[{"href":"https:\/\/mk5.digital\/luzesperanca\/wp-json\/wp\/v2\/media?parent=1006"}],"curies":[{"name":"wp","href":"https:\/\/api.w.org\/{rel}","templated":true}]}}