{"id":1021,"date":"2025-10-11T22:20:51","date_gmt":"2025-10-12T01:20:51","guid":{"rendered":"https:\/\/mk5.digital\/luzesperanca\/?page_id=1021"},"modified":"2025-10-11T22:23:11","modified_gmt":"2025-10-12T01:23:11","slug":"evangelizacao-de-adultos","status":"publish","type":"page","link":"https:\/\/mk5.digital\/luzesperanca\/evangelizacao-de-adultos\/","title":{"rendered":"Evangeliza\u00e7\u00e3o de Adultos"},"content":{"rendered":"\t\t<div data-elementor-type=\"wp-page\" data-elementor-id=\"1021\" class=\"elementor elementor-1021\" data-elementor-post-type=\"page\">\n\t\t\t\t<div class=\"elementor-element elementor-element-cc43307 e-flex e-con-boxed e-con e-parent\" data-id=\"cc43307\" data-element_type=\"container\" data-settings=\"{&quot;background_background&quot;:&quot;classic&quot;}\">\n\t\t\t\t\t<div class=\"e-con-inner\">\n\t\t\t\t<div class=\"elementor-element elementor-element-e0c4990 elementor-widget elementor-widget-heading\" data-id=\"e0c4990\" data-element_type=\"widget\" data-widget_type=\"heading.default\">\n\t\t\t\t<div class=\"elementor-widget-container\">\n\t\t\t\t\t<h2 class=\"elementor-heading-title elementor-size-default\">Escola de Evangeliza\u00e7\u00e3o de Adultos\n<\/h2>\t\t\t\t<\/div>\n\t\t\t\t<\/div>\n\t\t\t\t\t<\/div>\n\t\t\t\t<\/div>\n\t\t<div class=\"elementor-element elementor-element-dd6bb72 e-flex e-con-boxed e-con e-parent\" data-id=\"dd6bb72\" data-element_type=\"container\">\n\t\t\t\t\t<div class=\"e-con-inner\">\n\t\t\t\t<div class=\"elementor-element elementor-element-d34378b elementor-widget elementor-widget-text-editor\" data-id=\"d34378b\" data-element_type=\"widget\" data-widget_type=\"text-editor.default\">\n\t\t\t\t<div class=\"elementor-widget-container\">\n\t\t\t\t\t\t\t\t\t<p>A Escola de Evangeliza\u00e7\u00e3o de Adultos possui finalidades bem espec\u00edficas, tais como:<\/p><ul><li>Ministrar cursos te\u00f3rico-pr\u00e1ticos que atendam desde a prepara\u00e7\u00e3o doutrin\u00e1ria e moral para o casamento, at\u00e9 a sustenta\u00e7\u00e3o e evangeliza\u00e7\u00e3o da fam\u00edlia; formando a fam\u00edlia crist\u00e3 e os lares fraternos, que se solidarizam com o amparo, a assist\u00eancia e a educa\u00e7\u00e3o da crian\u00e7a em abandono.<\/li><li>Ministrar cursos te\u00f3rico-pr\u00e1ticos que visem a prepara\u00e7\u00e3o e evangeliza\u00e7\u00e3o da mulher para o cumprimento da sagrada miss\u00e3o da maternidade.<\/li><li>Prestar apoio aos lares que cooperam com a guarda, assist\u00eancia e educa\u00e7\u00e3o da crian\u00e7a em abandono.<\/li><li>Trabalhar no apoio aos lares no sentido da educa\u00e7\u00e3o dos filhos e evangeliza\u00e7\u00e3o da fam\u00edlia, atrav\u00e9s de visitas peri\u00f3dicas.<\/li><li>Realizar encontros de casais, de m\u00e3es e da fam\u00edlia visando a confraterniza\u00e7\u00e3o e trocas de experi\u00eancias.<\/li><\/ul><p>\u00a0<\/p><p>A Evangeliza\u00e7\u00e3o de Adultos das Obras Sociais Luz da Esperan\u00e7a atende diretamente as fam\u00edlias em suas necessidades morais dando suporte e orienta\u00e7\u00e3o de acordo com a demanda de cada indiv\u00edduo.<\/p>\t\t\t\t\t\t\t\t<\/div>\n\t\t\t\t<\/div>\n\t\t\t\t\t<\/div>\n\t\t\t\t<\/div>\n\t\t\t\t<\/div>\n\t\t","protected":false},"excerpt":{"rendered":"<p>Escola de Evangeliza\u00e7\u00e3o de Adultos A Escola de Evangeliza\u00e7\u00e3o de Adultos possui finalidades bem espec\u00edficas, tais como: Ministrar cursos te\u00f3rico-pr\u00e1ticos que atendam desde a prepara\u00e7\u00e3o doutrin\u00e1ria e moral para o casamento, at\u00e9 a sustenta\u00e7\u00e3o e evangeliza\u00e7\u00e3o da fam\u00edlia; formando a fam\u00edlia crist\u00e3 e os lares fraternos, que se solidarizam com o amparo, a assist\u00eancia e [&hellip;]<\/p>\n","protected":false},"author":1,"featured_media":0,"parent":0,"menu_order":0,"comment_status":"closed","ping_status":"closed","template":"","meta":{"inline_featured_image":false,"footnotes":""},"class_list":["post-1021","page","type-page","status-publish","hentry"],"_links":{"self":[{"href":"https:\/\/mk5.digital\/luzesperanca\/wp-json\/wp\/v2\/pages\/1021","targetHints":{"allow":["GET"]}}],"collection":[{"href":"https:\/\/mk5.digital\/luzesperanca\/wp-json\/wp\/v2\/pages"}],"about":[{"href":"https:\/\/mk5.digital\/luzesperanca\/wp-json\/wp\/v2\/types\/page"}],"author":[{"embeddable":true,"href":"https:\/\/mk5.digital\/luzesperanca\/wp-json\/wp\/v2\/users\/1"}],"replies":[{"embeddable":true,"href":"https:\/\/mk5.digital\/luzesperanca\/wp-json\/wp\/v2\/comments?post=1021"}],"version-history":[{"count":7,"href":"https:\/\/mk5.digital\/luzesperanca\/wp-json\/wp\/v2\/pages\/1021\/revisions"}],"predecessor-version":[{"id":1030,"href":"https:\/\/mk5.digital\/luzesperanca\/wp-json\/wp\/v2\/pages\/1021\/revisions\/1030"}],"wp:attachment":[{"href":"https:\/\/mk5.digital\/luzesperanca\/wp-json\/wp\/v2\/media?parent=1021"}],"curies":[{"name":"wp","href":"https:\/\/api.w.org\/{rel}","templated":true}]}}