{"id":1044,"date":"2025-10-11T22:32:13","date_gmt":"2025-10-12T01:32:13","guid":{"rendered":"https:\/\/mk5.digital\/luzesperanca\/?page_id=1044"},"modified":"2025-10-11T23:16:22","modified_gmt":"2025-10-12T02:16:22","slug":"sopa-fraterna","status":"publish","type":"page","link":"https:\/\/mk5.digital\/luzesperanca\/sopa-fraterna\/","title":{"rendered":"Sopa Fraterna Bezerra de Menezes"},"content":{"rendered":"\t\t<div data-elementor-type=\"wp-page\" data-elementor-id=\"1044\" class=\"elementor elementor-1044\" data-elementor-post-type=\"page\">\n\t\t\t\t<div class=\"elementor-element elementor-element-cc43307 e-flex e-con-boxed e-con e-parent\" data-id=\"cc43307\" data-element_type=\"container\" data-settings=\"{&quot;background_background&quot;:&quot;classic&quot;}\">\n\t\t\t\t\t<div class=\"e-con-inner\">\n\t\t\t\t<div class=\"elementor-element elementor-element-e0c4990 elementor-widget elementor-widget-heading\" data-id=\"e0c4990\" data-element_type=\"widget\" data-widget_type=\"heading.default\">\n\t\t\t\t<div class=\"elementor-widget-container\">\n\t\t\t\t\t<h2 class=\"elementor-heading-title elementor-size-default\">Sopa Fraterna Bezerra de Menezes<\/h2>\t\t\t\t<\/div>\n\t\t\t\t<\/div>\n\t\t\t\t\t<\/div>\n\t\t\t\t<\/div>\n\t\t<div class=\"elementor-element elementor-element-dd6bb72 e-flex e-con-boxed e-con e-parent\" data-id=\"dd6bb72\" data-element_type=\"container\">\n\t\t\t\t\t<div class=\"e-con-inner\">\n\t\t\t\t<div class=\"elementor-element elementor-element-a997160 elementor-widget elementor-widget-heading\" data-id=\"a997160\" data-element_type=\"widget\" data-widget_type=\"heading.default\">\n\t\t\t\t<div class=\"elementor-widget-container\">\n\t\t\t\t\t<h2 class=\"elementor-heading-title elementor-size-default\">\u201c[\u2026] porquanto, tive fome e me destes de comer; tive sede e me destes de beber; careci de teto e me hospedastes; \u2013 estive nu e me vestistes; achei-me doente e me visitastes; estive preso e me fostes ver.\u201d (Jesus Cristo)<\/h2>\t\t\t\t<\/div>\n\t\t\t\t<\/div>\n\t\t\t\t<div class=\"elementor-element elementor-element-d34378b elementor-widget elementor-widget-text-editor\" data-id=\"d34378b\" data-element_type=\"widget\" data-widget_type=\"text-editor.default\">\n\t\t\t\t<div class=\"elementor-widget-container\">\n\t\t\t\t\t\t\t\t\t<p>O trabalho da Sopa Fraterna tem o objetivo de levar \u00e0s fam\u00edlias assistidas pela OSLE uma sopa fraterna fluidificada, p\u00e3o, \u00e1gua e mensagens de paz e amor de Jesus.<\/p><p>Esse trabalho funciona todos os s\u00e1bados a partir das 9:00h e re\u00fane trabalhadores volunt\u00e1rios, respons\u00e1veis por todo o processo de prepara\u00e7\u00e3o, desde a compra dos legumes e demais ingredientes at\u00e9 o cozimento e distribui\u00e7\u00e3o do alimento.<br \/>A distribui\u00e7\u00e3o acontece na sede da OSLE na Rua ANHANGUERA, 4170 \u2013 Bairro Piau\u00ed.<\/p><p>Convidamos a todos a conhecerem e participarem desse trabalho de luz.<\/p><p>Venha nos visitar!<\/p>\t\t\t\t\t\t\t\t<\/div>\n\t\t\t\t<\/div>\n\t\t\t\t\t<\/div>\n\t\t\t\t<\/div>\n\t\t\t\t<\/div>\n\t\t","protected":false},"excerpt":{"rendered":"<p>Sopa Fraterna Bezerra de Menezes \u201c[\u2026] porquanto, tive fome e me destes de comer; tive sede e me destes de beber; careci de teto e me hospedastes; \u2013 estive nu e me vestistes; achei-me doente e me visitastes; estive preso e me fostes ver.\u201d (Jesus Cristo) O trabalho da Sopa Fraterna tem o objetivo de [&hellip;]<\/p>\n","protected":false},"author":1,"featured_media":0,"parent":0,"menu_order":0,"comment_status":"closed","ping_status":"closed","template":"","meta":{"inline_featured_image":false,"footnotes":""},"class_list":["post-1044","page","type-page","status-publish","hentry"],"_links":{"self":[{"href":"https:\/\/mk5.digital\/luzesperanca\/wp-json\/wp\/v2\/pages\/1044","targetHints":{"allow":["GET"]}}],"collection":[{"href":"https:\/\/mk5.digital\/luzesperanca\/wp-json\/wp\/v2\/pages"}],"about":[{"href":"https:\/\/mk5.digital\/luzesperanca\/wp-json\/wp\/v2\/types\/page"}],"author":[{"embeddable":true,"href":"https:\/\/mk5.digital\/luzesperanca\/wp-json\/wp\/v2\/users\/1"}],"replies":[{"embeddable":true,"href":"https:\/\/mk5.digital\/luzesperanca\/wp-json\/wp\/v2\/comments?post=1044"}],"version-history":[{"count":28,"href":"https:\/\/mk5.digital\/luzesperanca\/wp-json\/wp\/v2\/pages\/1044\/revisions"}],"predecessor-version":[{"id":1126,"href":"https:\/\/mk5.digital\/luzesperanca\/wp-json\/wp\/v2\/pages\/1044\/revisions\/1126"}],"wp:attachment":[{"href":"https:\/\/mk5.digital\/luzesperanca\/wp-json\/wp\/v2\/media?parent=1044"}],"curies":[{"name":"wp","href":"https:\/\/api.w.org\/{rel}","templated":true}]}}