{"id":973,"date":"2025-10-11T21:57:25","date_gmt":"2025-10-12T00:57:25","guid":{"rendered":"https:\/\/mk5.digital\/luzesperanca\/?page_id=973"},"modified":"2025-10-11T23:47:15","modified_gmt":"2025-10-12T02:47:15","slug":"sementinha-de-luz","status":"publish","type":"page","link":"https:\/\/mk5.digital\/luzesperanca\/sementinha-de-luz\/","title":{"rendered":"Sementinha de Luz"},"content":{"rendered":"\t\t<div data-elementor-type=\"wp-page\" data-elementor-id=\"973\" class=\"elementor elementor-973\" data-elementor-post-type=\"page\">\n\t\t\t\t<div class=\"elementor-element elementor-element-cc43307 e-flex e-con-boxed e-con e-parent\" data-id=\"cc43307\" data-element_type=\"container\" data-settings=\"{&quot;background_background&quot;:&quot;classic&quot;}\">\n\t\t\t\t\t<div class=\"e-con-inner\">\n\t\t\t\t<div class=\"elementor-element elementor-element-e0c4990 elementor-widget elementor-widget-heading\" data-id=\"e0c4990\" data-element_type=\"widget\" data-widget_type=\"heading.default\">\n\t\t\t\t<div class=\"elementor-widget-container\">\n\t\t\t\t\t<h2 class=\"elementor-heading-title elementor-size-default\">Evangeliza\u00e7\u00e3o Infantil Sementinha de Luz<\/h2>\t\t\t\t<\/div>\n\t\t\t\t<\/div>\n\t\t\t\t\t<\/div>\n\t\t\t\t<\/div>\n\t\t<div class=\"elementor-element elementor-element-dd6bb72 e-flex e-con-boxed e-con e-parent\" data-id=\"dd6bb72\" data-element_type=\"container\">\n\t\t\t\t\t<div class=\"e-con-inner\">\n\t\t\t\t<div class=\"elementor-element elementor-element-a997160 elementor-widget elementor-widget-heading\" data-id=\"a997160\" data-element_type=\"widget\" data-widget_type=\"heading.default\">\n\t\t\t\t<div class=\"elementor-widget-container\">\n\t\t\t\t\t<h2 class=\"elementor-heading-title elementor-size-default\">\u201cA Crian\u00e7a ainda \u00e9 o sorriso do futuro na face do presente. Evangeliz\u00e1-la \u00e9, pois, espiritualizar o porvir, legando-lhe a li\u00e7\u00e3o clara e pura do ensinamento crist\u00e3o, a fim de que, verdadeiramente, viva o Cristo nas gera\u00e7\u00f5es de amanh\u00e3.\u201d\n(Francisco Spinelli)<\/h2>\t\t\t\t<\/div>\n\t\t\t\t<\/div>\n\t\t\t\t<div class=\"elementor-element elementor-element-d34378b elementor-widget elementor-widget-text-editor\" data-id=\"d34378b\" data-element_type=\"widget\" data-widget_type=\"text-editor.default\">\n\t\t\t\t<div class=\"elementor-widget-container\">\n\t\t\t\t\t\t\t\t\t<p>A Evangeliza\u00e7\u00e3o Infantil Sementinha de Luz realiza trabalhos de educa\u00e7\u00e3o moral com crian\u00e7as de 2 a 11 anos de idade. Os planos futuros s\u00e3o atender desde o ber\u00e7\u00e1rio (0 anos).<\/p><p>A Escola de Evangeliza\u00e7\u00e3o Esp\u00edrita Infantil \u00e9 um N\u00facleo de Trabalho do Instituto da Crian\u00e7a, cuja tarefa \u00e9 evangelizar a crian\u00e7a de 0 a 11 anos de idade.<\/p><p>Esta metodologia tem como modelo as escolas de evangeliza\u00e7\u00e3o infantil do mundo espiritual, descritas nos livros: Mensagem do Pequeno Morto (Neio L\u00facio), Escola do Al\u00e9m (Cl\u00e1udia Galasse), Entre a Terra e o c\u00e9u (Andr\u00e9 Luiz) e o livro Voltei (Irm\u00e3o Jac\u00f3), todos psicografados por Francisco C\u00e2ndido Xavier.<\/p><p>Venha conhecer as atividades com as crian\u00e7as! Ajude tamb\u00e9m a plantar essa SEMENTINHA do bem!<\/p>\t\t\t\t\t\t\t\t<\/div>\n\t\t\t\t<\/div>\n\t\t\t\t\t<\/div>\n\t\t\t\t<\/div>\n\t\t\t\t<\/div>\n\t\t","protected":false},"excerpt":{"rendered":"<p>Evangeliza\u00e7\u00e3o Infantil Sementinha de Luz \u201cA Crian\u00e7a ainda \u00e9 o sorriso do futuro na face do presente. Evangeliz\u00e1-la \u00e9, pois, espiritualizar o porvir, legando-lhe a li\u00e7\u00e3o clara e pura do ensinamento crist\u00e3o, a fim de que, verdadeiramente, viva o Cristo nas gera\u00e7\u00f5es de amanh\u00e3.\u201d (Francisco Spinelli) A Evangeliza\u00e7\u00e3o Infantil Sementinha de Luz realiza trabalhos de [&hellip;]<\/p>\n","protected":false},"author":1,"featured_media":0,"parent":0,"menu_order":0,"comment_status":"closed","ping_status":"closed","template":"","meta":{"inline_featured_image":false,"footnotes":""},"class_list":["post-973","page","type-page","status-publish","hentry"],"_links":{"self":[{"href":"https:\/\/mk5.digital\/luzesperanca\/wp-json\/wp\/v2\/pages\/973","targetHints":{"allow":["GET"]}}],"collection":[{"href":"https:\/\/mk5.digital\/luzesperanca\/wp-json\/wp\/v2\/pages"}],"about":[{"href":"https:\/\/mk5.digital\/luzesperanca\/wp-json\/wp\/v2\/types\/page"}],"author":[{"embeddable":true,"href":"https:\/\/mk5.digital\/luzesperanca\/wp-json\/wp\/v2\/users\/1"}],"replies":[{"embeddable":true,"href":"https:\/\/mk5.digital\/luzesperanca\/wp-json\/wp\/v2\/comments?post=973"}],"version-history":[{"count":34,"href":"https:\/\/mk5.digital\/luzesperanca\/wp-json\/wp\/v2\/pages\/973\/revisions"}],"predecessor-version":[{"id":1195,"href":"https:\/\/mk5.digital\/luzesperanca\/wp-json\/wp\/v2\/pages\/973\/revisions\/1195"}],"wp:attachment":[{"href":"https:\/\/mk5.digital\/luzesperanca\/wp-json\/wp\/v2\/media?parent=973"}],"curies":[{"name":"wp","href":"https:\/\/api.w.org\/{rel}","templated":true}]}}